{"id":100380,"date":"2011-12-02T15:52:36","date_gmt":"2011-12-02T14:52:36","guid":{"rendered":"https:\/\/www.castellodirivoli.org\/?page_id=100380"},"modified":"2022-06-19T22:16:53","modified_gmt":"2022-06-19T20:16:53","slug":"conventions","status":"publish","type":"page","link":"https:\/\/www.castellodirivoli.org\/en\/conventions\/","title":{"rendered":"Conventions"},"content":{"rendered":"<p><strong>The Castello di Rivoli and arrangements with companies and associations <\/strong><\/p>\n<p>With the aim of activating a broad and fruitful synergy between the museum and associations and local and national companies, and in order to stimulate the public to make greater use of museums, the Castello di Rivoli Museo d\u2019Arte Contemporanea has stipulated hundreds of agreements since the year of its opening. As a result, individuals and groups can, upon presentation of a card proving affiliation to the relevant body, enjoy discounted tickets and reductions on purchases in the museum bookshop. It is also possible to organise ad-hoc conferences in the partner companies or bodies, or guided visits and conferences in the museum itself.<\/p>\n<p><strong>Arrangements with museums for the Amici del Castello di Rivoli and other Italian and foreign museums<\/strong><\/p>\n<p>The Castello di Rivoli has also stipulated arrangements with museums in Italy and abroad for reciprocal promotion of their holdings, dedicated to members of the Associazione Amici del Castello di Rivoli (Friends of the Castello di Rivoli). In return for payment of a subscription, the Castello di Rivoli issues a museum card offering members entry into partner museums, free entry and the possibility of organising exclusive visits with the curators or directors of the partner institutions. Moreover, a discount is offered in the bookshops of the partner museums.<\/p>\n<p>LIST OF THE ASSOCIATIONS\u00a0\u00a0<\/p>\n<p>&#8211; Acli Torino\u00a0<br \/>&#8211; Acsi Associazione di Cultura Sport e Tempo Libero &#8211; Torino<br \/>&#8211; Aiace Torino Associazione Italiana Amici Cinema d\u2019Essay\u00a0<br \/>&#8211; Adi, Associazione per il Disegno Industriale-Milano<br \/>&#8211; Aics Associazione Italiana Cultura e Sport- Comitato Provinciale- Torino\u00a0<br \/>-Aiag Ass. Italiana Alberghi per la giovent\u00f9<br \/>&#8211; Aio Associazione Italiana Sindrome X Fragile sez. Piemonte Onlus<br \/>&#8211; A.l.C. Associazione Lavoratori Camerali<br \/>&#8211; Alliance Fran\u00e7aise- Torino<br \/>&#8211; Amici dell\u2019Universit\u00e0 di Torino<br \/>&#8211; Amil Associazione mutilati e invalidi per il lavoro<br \/>&#8211; Anc Associazione Nazionale Carabinieri<br \/>&#8211; Ancol Associazione Nazionale Comunit\u00e0 Lavoro<br \/>&#8211; Anfi Associazione Nazionale Finanzieri d\u2019Italia<br \/>&#8211; Angps Associazione Nazionale delle guardie di Polizia<br \/>&#8211; Anla Associazione Nazionale Lavoratori Anziani in Azienda<br \/>&#8211; Arci &#8211; Nuova Associazione- Torino<br \/>&#8211; Art\u2019\u00e8\u2019 spa FMR\u00a0<br \/>&#8211; Asc Associazioni Sportive Confindustria -Torino<br \/>&#8211; Ascom- Torino<br \/>&#8211; Associazione Amici dell\u2019Universita degli Studi di Torino- Torino<br \/>-Associazione Anemone -Torino<br \/>&#8211; Associazione Carta Giovani (Italia\/Estero)- Roma<br \/>&#8211; Associazione Culturale Meridioni di Europa-Milano<br \/>&#8211; Associazione Culturale Russkij Mir -Torino<br \/>&#8211; Association des Fran\u00e7ais du Pi\u00e9mont et del la Vall\u00e9e d\u2019Aoste-Torino<br \/>&#8211; Associazione Piemontese Arte &#8211; Torino<br \/>&#8211; Associazione Culturale Ricreativa Utet- Torino<br \/>&#8211; Associazione Teatro \u201cI TRANVIERI E LA CITTA\u2019\u201d- Torino<br \/>&#8211; Associazione Torino Citt\u00e0 Capitale \u2013 Pyou Card<br \/>&#8211; Assocral Europa \u2013 San Giovanni Lupatoto (Vr)<br \/>&#8211; Assointesa- Milano<br \/>&#8211; Biblioteca Civica \u201cGiovanni Arpino\u201d Nichelino<br \/>&#8211; Biblioteca Civica di Rivoli<br \/>&#8211; Biblioteche Civiche Torino<br \/>&#8211; Bottega Verde\u00a0<br \/>&#8211; Cedas Fiat- Torino<br \/>&#8211; Centre Pompidou Parigi<br \/>&#8211; Celid- Torino<br \/>&#8211; Circolo dei Lettori- Torino<br \/>&#8211; Circolo della Stampa- Torino<br \/>&#8211; Circolo Rsc Varian- Leini\u00a0<br \/>-Circolo Canottieri Cerea- Torino.<br \/>&#8211; Circolo Unicredit Group -Torino<br \/>&#8211; Circuito Teatrale del Piemonte ( vedi lista)<br \/>&#8211; Cisl -Asti\u00a0<br \/>&#8211; CH4 Sporting Club- Torino<br \/>&#8211; Club Comunicazione d\u2019Impresa- Torino<br \/>&#8211; Club IBM-Torino<br \/>&#8211; Cna Confederazione Nazionale dell\u2019Artigianato Media e Piccola Impresa-Torino<br \/>&#8211; Cns Libertas Centro Nazionale Sportivo Libertas-Torino<br \/>&#8211; Cral Azienda Territoriale per la Casa- Torino<br \/>&#8211; Cral Gtt (Atm e Satti) detto Cral TT -Torino<br \/>&#8211; Cral Italgas + Eni Gas- Torino<br \/>&#8211; Cral Dipendenti Comunali -Torino<br \/>&#8211; Cral Direzione Regionale Liguria Inps- Genova<br \/>&#8211; Cral Fondiaria Sai &#8211; Torino<br \/>&#8211; Cral Lavazza- Torino<br \/>&#8211; Cral Seat Pagine Gialle- Torino<br \/>&#8211; Cral Poste Italiane Sez. Torino<br \/>&#8211; Cral Reale Mutua- Torino<br \/>&#8211; Cral Regione Piemonte -Torino<br \/>&#8211; Cral Telecom-Torino<br \/>&#8211; Cral Unicredit Torino<br \/>&#8211; Cral Utet- Torino<br \/>&#8211; Croce Rossa Italiana- Rivoli<br \/>&#8211; Cts (Centro turistico studentesco e giovanile)-Roma<br \/>&#8211; Dopolavoro Ferroviario Torino<br \/>&#8211; ETSI Ente Turistico Sociale Italiano-Roma<br \/>&#8211; FAI Fondo per l\u2019Ambiente Italiano<br \/>&#8211; FNAC<br \/>&#8211; FIAF (Federazione Italiana Fotografia) &#8211;<br \/>&#8211; Fondazione Brescia Musei- Brescia<br \/>&#8211; Fondazione Teatro Piemonte Europa<br \/>&#8211; Guide turistiche INGR GRATUITO<br \/>&#8211; Goethe Institut Torino\u00a0<br \/>&#8211; Omnia Cisl<br \/>-Ordine degli Architetti di Torino<br \/>&#8211; Istituto Feller di Moda e Design Alba<br \/>&#8211; Polincontri- Politecnico di Torino<br \/>&#8211; Pi\u00f9 Eventi (Associazione Culturale) Cuneo\u00a0<br \/>&#8211; Reale Basilica di Superga<br \/>&#8211; Ristochef spa- Milano<br \/>&#8211; Sagat s.pa.\u00a0<br \/>&#8211; Sint Selecard \u201cCinema in\u201d<br \/>&#8211; TCI Touring Club Italiano<br \/>&#8211; TURISMO OVEST ingr. 3 euro<br \/>-Unione Giovani Dottori Commercialisti di Torino\u00a0<br \/>&#8211; Unione Personale Ispettivo Sanitario d\u2019Italia (U.N.P.I.S.I)-Torino<br \/>-UISP Torino<\/p>\n<p>AGEVOLAZIONI<\/p>\n<p>Reduced entrance 4,50<br \/>10% discount at the \u00a0bookshop<br \/>Free visit for 20 members or more to book in advance at +3911\/9565246.<\/p>\n<p>Family workshop \u00a0: 4,00 euros each person (childern and adults)<\/p>\n<p>\u00a0<\/p>\n<p><strong>Partner museums in\u00a02012 for the Friends of the Museums indicated:<\/strong><\/p>\n<p><strong>Free entrance and 10% discount on our bookshop<\/strong><\/p>\n<p><strong>Free visit for groups of 20 or more Friends<\/strong><\/p>\n<p>&#8211; Fondazione Merz, Torino<\/p>\n<p>&#8211; Fondazione Sandretto Re Rebaudengo, Torino<\/p>\n<p>&#8211; Fondazione Torino Musei (Gam, Palazzo Madama, Borgo\u00a0Medioevale e Mao)<\/p>\n<p>&#8211; GAMeC, Bergamo<\/p>\n<p>&#8211; Collezione Peggy Guggenheim Venezia, Venezia<\/p>\n<p>&#8211; Macro, Roma<\/p>\n<p>&#8211; Mart, Rovereto<\/p>\n<p>&#8211; MAXXI, Roma<\/p>\n<p>&#8211; Mus\u00e9e National d\u2019Art Moderne, Centre Pompidou, Parigi<\/p>\n<p>&#8211; Museo Pecci, Prato<\/p>\n<p>&#8211; Museo Serralves, Porto<\/p>\n<p>&#8211; Palais de Tokyo, Parigi<\/p>\n<p>&#8211; Palazzo delle Esposizioni e Scuderie del Quirinale, Roma<\/p>\n<p>\u00a0<\/p>\n<p><strong>Only reduced entrance fee<\/strong><\/p>\n<p>&#8211; Amici\u00a0Mambo (the Mambo comprises: Mambo, Museo Morandi, Museo per la memoria di Ustica);<\/p>\n<p>Free entry for employees of the museums under the Mambo umbrella<\/p>\n<p>\u00a0<\/p>\n<p>&#8211; Gesellschaft der Freunde der Kunstsammlung Nordrheim-Westfalen, which includes the following museums:<\/p>\n<p>K20 Kunstsammlung NRW, Dusseldorf;<\/p>\n<p>Schirn Kunsthalle, Frankfurt; Kestner Gesellschaft, Hannover; Wallraf Richartz Museum, K\u00f6ln; Museum Ludwig, K\u00f6ln; Musem der Bildenden Kunste, Leipzig; Kunstmuseum Stuttgart, Stuttgart<\/p>\n<p>\u00a0<\/p>\n","protected":false},"excerpt":{"rendered":"<p>The Castello di Rivoli and arrangements with companies and associations With the aim of activating a broad and fruitful synergy between the museum and associations and local and national companies, [&hellip;]<\/p>\n","protected":false},"author":1,"featured_media":0,"parent":0,"menu_order":87,"comment_status":"open","ping_status":"closed","template":"","meta":{"_acf_changed":false,"inline_featured_image":false,"footnotes":""},"class_list":["post-100380","page","type-page","status-publish","hentry"],"acf":[],"yoast_head":"<!-- This site is optimized with the Yoast SEO plugin v27.4 - https:\/\/yoast.com\/product\/yoast-seo-wordpress\/ -->\n<title>Conventions - Castello di Rivoli<\/title>\n<meta name=\"robots\" content=\"index, follow, max-snippet:-1, max-image-preview:large, max-video-preview:-1\" \/>\n<link rel=\"canonical\" href=\"https:\/\/www.castellodirivoli.org\/en\/conventions\/\" \/>\n<meta property=\"og:locale\" content=\"en_US\" \/>\n<meta property=\"og:type\" content=\"article\" \/>\n<meta property=\"og:title\" content=\"Conventions - Castello di Rivoli\" \/>\n<meta property=\"og:description\" content=\"The Castello di Rivoli and arrangements with companies and associations With the aim of activating a broad and fruitful synergy between the museum and associations and local and national companies, [&hellip;]\" \/>\n<meta property=\"og:url\" content=\"https:\/\/www.castellodirivoli.org\/en\/conventions\/\" \/>\n<meta property=\"og:site_name\" content=\"Castello di Rivoli\" \/>\n<meta property=\"article:modified_time\" content=\"2022-06-19T20:16:53+00:00\" \/>\n<meta name=\"twitter:card\" content=\"summary_large_image\" \/>\n<meta name=\"twitter:label1\" content=\"Est. reading time\" \/>\n\t<meta name=\"twitter:data1\" content=\"4 minutes\" \/>\n<script type=\"application\/ld+json\" class=\"yoast-schema-graph\">{\"@context\":\"https:\\\/\\\/schema.org\",\"@graph\":[{\"@type\":\"WebPage\",\"@id\":\"https:\\\/\\\/www.castellodirivoli.org\\\/en\\\/conventions\\\/\",\"url\":\"https:\\\/\\\/www.castellodirivoli.org\\\/en\\\/conventions\\\/\",\"name\":\"Conventions - Castello di Rivoli\",\"isPartOf\":{\"@id\":\"https:\\\/\\\/www.castellodirivoli.org\\\/en\\\/#website\"},\"datePublished\":\"2011-12-02T14:52:36+00:00\",\"dateModified\":\"2022-06-19T20:16:53+00:00\",\"breadcrumb\":{\"@id\":\"https:\\\/\\\/www.castellodirivoli.org\\\/en\\\/conventions\\\/#breadcrumb\"},\"inLanguage\":\"en-US\",\"potentialAction\":[{\"@type\":\"ReadAction\",\"target\":[\"https:\\\/\\\/www.castellodirivoli.org\\\/en\\\/conventions\\\/\"]}]},{\"@type\":\"BreadcrumbList\",\"@id\":\"https:\\\/\\\/www.castellodirivoli.org\\\/en\\\/conventions\\\/#breadcrumb\",\"itemListElement\":[{\"@type\":\"ListItem\",\"position\":1,\"name\":\"Home\",\"item\":\"https:\\\/\\\/www.castellodirivoli.org\\\/en\\\/\"},{\"@type\":\"ListItem\",\"position\":2,\"name\":\"Conventions\"}]},{\"@type\":\"WebSite\",\"@id\":\"https:\\\/\\\/www.castellodirivoli.org\\\/en\\\/#website\",\"url\":\"https:\\\/\\\/www.castellodirivoli.org\\\/en\\\/\",\"name\":\"Castello di Rivoli\",\"description\":\"\",\"potentialAction\":[{\"@type\":\"SearchAction\",\"target\":{\"@type\":\"EntryPoint\",\"urlTemplate\":\"https:\\\/\\\/www.castellodirivoli.org\\\/en\\\/?s={search_term_string}\"},\"query-input\":{\"@type\":\"PropertyValueSpecification\",\"valueRequired\":true,\"valueName\":\"search_term_string\"}}],\"inLanguage\":\"en-US\"}]}<\/script>\n<!-- \/ Yoast SEO plugin. -->","yoast_head_json":{"title":"Conventions - Castello di Rivoli","robots":{"index":"index","follow":"follow","max-snippet":"max-snippet:-1","max-image-preview":"max-image-preview:large","max-video-preview":"max-video-preview:-1"},"canonical":"https:\/\/www.castellodirivoli.org\/en\/conventions\/","og_locale":"en_US","og_type":"article","og_title":"Conventions - Castello di Rivoli","og_description":"The Castello di Rivoli and arrangements with companies and associations With the aim of activating a broad and fruitful synergy between the museum and associations and local and national companies, [&hellip;]","og_url":"https:\/\/www.castellodirivoli.org\/en\/conventions\/","og_site_name":"Castello di Rivoli","article_modified_time":"2022-06-19T20:16:53+00:00","twitter_card":"summary_large_image","twitter_misc":{"Est. reading time":"4 minutes"},"schema":{"@context":"https:\/\/schema.org","@graph":[{"@type":"WebPage","@id":"https:\/\/www.castellodirivoli.org\/en\/conventions\/","url":"https:\/\/www.castellodirivoli.org\/en\/conventions\/","name":"Conventions - Castello di Rivoli","isPartOf":{"@id":"https:\/\/www.castellodirivoli.org\/en\/#website"},"datePublished":"2011-12-02T14:52:36+00:00","dateModified":"2022-06-19T20:16:53+00:00","breadcrumb":{"@id":"https:\/\/www.castellodirivoli.org\/en\/conventions\/#breadcrumb"},"inLanguage":"en-US","potentialAction":[{"@type":"ReadAction","target":["https:\/\/www.castellodirivoli.org\/en\/conventions\/"]}]},{"@type":"BreadcrumbList","@id":"https:\/\/www.castellodirivoli.org\/en\/conventions\/#breadcrumb","itemListElement":[{"@type":"ListItem","position":1,"name":"Home","item":"https:\/\/www.castellodirivoli.org\/en\/"},{"@type":"ListItem","position":2,"name":"Conventions"}]},{"@type":"WebSite","@id":"https:\/\/www.castellodirivoli.org\/en\/#website","url":"https:\/\/www.castellodirivoli.org\/en\/","name":"Castello di Rivoli","description":"","potentialAction":[{"@type":"SearchAction","target":{"@type":"EntryPoint","urlTemplate":"https:\/\/www.castellodirivoli.org\/en\/?s={search_term_string}"},"query-input":{"@type":"PropertyValueSpecification","valueRequired":true,"valueName":"search_term_string"}}],"inLanguage":"en-US"}]}},"_links":{"self":[{"href":"https:\/\/www.castellodirivoli.org\/en\/wp-json\/wp\/v2\/pages\/100380","targetHints":{"allow":["GET"]}}],"collection":[{"href":"https:\/\/www.castellodirivoli.org\/en\/wp-json\/wp\/v2\/pages"}],"about":[{"href":"https:\/\/www.castellodirivoli.org\/en\/wp-json\/wp\/v2\/types\/page"}],"author":[{"embeddable":true,"href":"https:\/\/www.castellodirivoli.org\/en\/wp-json\/wp\/v2\/users\/1"}],"replies":[{"embeddable":true,"href":"https:\/\/www.castellodirivoli.org\/en\/wp-json\/wp\/v2\/comments?post=100380"}],"version-history":[{"count":0,"href":"https:\/\/www.castellodirivoli.org\/en\/wp-json\/wp\/v2\/pages\/100380\/revisions"}],"wp:attachment":[{"href":"https:\/\/www.castellodirivoli.org\/en\/wp-json\/wp\/v2\/media?parent=100380"}],"curies":[{"name":"wp","href":"https:\/\/api.w.org\/{rel}","templated":true}]}}