{"id":104260,"date":"2018-03-02T12:23:25","date_gmt":"2018-03-02T11:23:25","guid":{"rendered":"https:\/\/www.castellodirivoli.org\/prodotto\/metamorphoses\/"},"modified":"2022-04-20T14:08:22","modified_gmt":"2022-04-20T12:08:22","slug":"metamorphoses","status":"publish","type":"product","link":"https:\/\/www.castellodirivoli.org\/en\/prodotto\/metamorphoses\/","title":{"rendered":"METAMORPHOSES"},"content":{"rendered":"<div class=\"page\" title=\"Page 1\">\n<div class=\"section\">\n<div class=\"layoutArea\">\n<div class=\"column\">\n<p>\u201cWhat if we could be a flower?\u201d asks Chus Mart\u00ednez, curator for Castello di Rivoli Museo d\u2019Arte Contemporanea of Metamorphoses: Let Everything Happen to You.<\/p>\n<p>The exhibition focuses on the notion of transformation in the technological era through contemporary artworks by Nicanor Ar\u00e1oz (Buenos Aires, 1980), Ingela Ihrman (Str\u00e4ngn\u00e4s, 1985), Alexa Karolinski (Berlin, 1984) and Ingo Niermann (Bielefeld, 1969), Eduardo Navarro (Buenos Aires, 1979), Reto Pulfer (Bern, 1981), Mathilde Rosier (Paris, 1973), Lin May Saeed (W\u00fcrzburg, 1973), and Ania Soliman (Warsaw, 1970).<\/p>\n<p>Alongside their projects, the exhibition also includes <em>I Have Left You the Mountain<\/em>, curated by Simon Battisti, Leah Whitman-Salkin and \u00c5b\u00e4ke. All the artists in this exhibition share an interest in transformation and a heterogeneous style. All their works possess a sense of organic life and an interest in nature. But how are nature and metamorphosis entangled? And why is it so important today to distinguish the old modern idea of \u201cchange\u201d from the contemporary notion of \u201ctransformation\u201d? What is an art interested in joyfully contesting conventional de nitions of ontology like? To Mart\u00ednez, the word \u201cnature\u201d identifies a total revolution that is overturning the way we interact with organic and inorganic forms, and transforming how we think of gender, reproduction, power, and life. Produced on the occasion of the exhibition, this richly illustrated catalog presents a selection of the curator\u2019s critical writings on the subject.<\/p>\n<\/div>\n<\/div>\n<\/div>\n<\/div>\n","protected":false},"excerpt":{"rendered":"<p>\u201cWhat if we could be a flower?\u201d asks Chus Mart\u00ednez, curator for Castello di Rivoli Museo d\u2019Arte Contemporanea of Metamorphoses: Let Everything Happen to You. The exhibition focuses on the [&hellip;]<\/p>\n","protected":false},"featured_media":30909,"template":"","meta":{"_acf_changed":false,"inline_featured_image":false},"product_brand":[],"product_cat":[1961],"product_tag":[],"class_list":{"0":"post-104260","1":"product","2":"type-product","3":"status-publish","4":"has-post-thumbnail","6":"product_cat-catalogs","7":"pa_anno-2018-en","8":"pa_autore-chus-martinez-marianna-vecellio-en","10":"first","11":"instock","12":"taxable","13":"shipping-taxable","14":"purchasable","15":"product-type-simple"},"acf":[],"yoast_head":"<!-- This site is optimized with the Yoast SEO plugin v27.4 - https:\/\/yoast.com\/product\/yoast-seo-wordpress\/ -->\n<title>METAMORPHOSES - Castello di Rivoli<\/title>\n<meta name=\"robots\" content=\"index, follow, max-snippet:-1, max-image-preview:large, max-video-preview:-1\" \/>\n<link rel=\"canonical\" href=\"https:\/\/www.castellodirivoli.org\/en\/prodotto\/metamorphoses\/\" \/>\n<meta property=\"og:locale\" content=\"en_US\" \/>\n<meta property=\"og:type\" content=\"article\" \/>\n<meta property=\"og:title\" content=\"METAMORPHOSES - Castello di Rivoli\" \/>\n<meta property=\"og:description\" content=\"\u201cWhat if we could be a flower?\u201d asks Chus Mart\u00ednez, curator for Castello di Rivoli Museo d\u2019Arte Contemporanea of Metamorphoses: Let Everything Happen to You. The exhibition focuses on the [&hellip;]\" \/>\n<meta property=\"og:url\" content=\"https:\/\/www.castellodirivoli.org\/en\/prodotto\/metamorphoses\/\" \/>\n<meta property=\"og:site_name\" content=\"Castello di Rivoli\" \/>\n<meta property=\"article:modified_time\" content=\"2022-04-20T12:08:22+00:00\" \/>\n<meta property=\"og:image\" content=\"https:\/\/www.castellodirivoli.org\/wp-content\/uploads\/2018\/03\/Metamorphoses_copertina-1_newsletter.jpg\" \/>\n\t<meta property=\"og:image:width\" content=\"600\" \/>\n\t<meta property=\"og:image:height\" content=\"360\" \/>\n\t<meta property=\"og:image:type\" content=\"image\/jpeg\" \/>\n<meta name=\"twitter:card\" content=\"summary_large_image\" \/>\n<meta name=\"twitter:label1\" content=\"Est. reading time\" \/>\n\t<meta name=\"twitter:data1\" content=\"1 minute\" \/>\n<script type=\"application\/ld+json\" class=\"yoast-schema-graph\">{\"@context\":\"https:\\\/\\\/schema.org\",\"@graph\":[{\"@type\":\"WebPage\",\"@id\":\"https:\\\/\\\/www.castellodirivoli.org\\\/en\\\/prodotto\\\/metamorphoses\\\/\",\"url\":\"https:\\\/\\\/www.castellodirivoli.org\\\/en\\\/prodotto\\\/metamorphoses\\\/\",\"name\":\"METAMORPHOSES - Castello di Rivoli\",\"isPartOf\":{\"@id\":\"https:\\\/\\\/www.castellodirivoli.org\\\/en\\\/#website\"},\"primaryImageOfPage\":{\"@id\":\"https:\\\/\\\/www.castellodirivoli.org\\\/en\\\/prodotto\\\/metamorphoses\\\/#primaryimage\"},\"image\":{\"@id\":\"https:\\\/\\\/www.castellodirivoli.org\\\/en\\\/prodotto\\\/metamorphoses\\\/#primaryimage\"},\"thumbnailUrl\":\"https:\\\/\\\/www.castellodirivoli.org\\\/wp-content\\\/uploads\\\/2018\\\/03\\\/Metamorphoses_copertina-1_newsletter.jpg\",\"datePublished\":\"2018-03-02T11:23:25+00:00\",\"dateModified\":\"2022-04-20T12:08:22+00:00\",\"breadcrumb\":{\"@id\":\"https:\\\/\\\/www.castellodirivoli.org\\\/en\\\/prodotto\\\/metamorphoses\\\/#breadcrumb\"},\"inLanguage\":\"en-US\",\"potentialAction\":[{\"@type\":\"ReadAction\",\"target\":[\"https:\\\/\\\/www.castellodirivoli.org\\\/en\\\/prodotto\\\/metamorphoses\\\/\"]}]},{\"@type\":\"ImageObject\",\"inLanguage\":\"en-US\",\"@id\":\"https:\\\/\\\/www.castellodirivoli.org\\\/en\\\/prodotto\\\/metamorphoses\\\/#primaryimage\",\"url\":\"https:\\\/\\\/www.castellodirivoli.org\\\/wp-content\\\/uploads\\\/2018\\\/03\\\/Metamorphoses_copertina-1_newsletter.jpg\",\"contentUrl\":\"https:\\\/\\\/www.castellodirivoli.org\\\/wp-content\\\/uploads\\\/2018\\\/03\\\/Metamorphoses_copertina-1_newsletter.jpg\",\"width\":600,\"height\":360},{\"@type\":\"BreadcrumbList\",\"@id\":\"https:\\\/\\\/www.castellodirivoli.org\\\/en\\\/prodotto\\\/metamorphoses\\\/#breadcrumb\",\"itemListElement\":[{\"@type\":\"ListItem\",\"position\":1,\"name\":\"Home\",\"item\":\"https:\\\/\\\/www.castellodirivoli.org\\\/en\\\/\"},{\"@type\":\"ListItem\",\"position\":2,\"name\":\"Shop\",\"item\":\"https:\\\/\\\/www.castellodirivoli.org\\\/en\\\/shop\\\/\"},{\"@type\":\"ListItem\",\"position\":3,\"name\":\"METAMORPHOSES\"}]},{\"@type\":\"WebSite\",\"@id\":\"https:\\\/\\\/www.castellodirivoli.org\\\/en\\\/#website\",\"url\":\"https:\\\/\\\/www.castellodirivoli.org\\\/en\\\/\",\"name\":\"Castello di Rivoli\",\"description\":\"\",\"potentialAction\":[{\"@type\":\"SearchAction\",\"target\":{\"@type\":\"EntryPoint\",\"urlTemplate\":\"https:\\\/\\\/www.castellodirivoli.org\\\/en\\\/?s={search_term_string}\"},\"query-input\":{\"@type\":\"PropertyValueSpecification\",\"valueRequired\":true,\"valueName\":\"search_term_string\"}}],\"inLanguage\":\"en-US\"}]}<\/script>\n<!-- \/ Yoast SEO plugin. -->","yoast_head_json":{"title":"METAMORPHOSES - Castello di Rivoli","robots":{"index":"index","follow":"follow","max-snippet":"max-snippet:-1","max-image-preview":"max-image-preview:large","max-video-preview":"max-video-preview:-1"},"canonical":"https:\/\/www.castellodirivoli.org\/en\/prodotto\/metamorphoses\/","og_locale":"en_US","og_type":"article","og_title":"METAMORPHOSES - Castello di Rivoli","og_description":"\u201cWhat if we could be a flower?\u201d asks Chus Mart\u00ednez, curator for Castello di Rivoli Museo d\u2019Arte Contemporanea of Metamorphoses: Let Everything Happen to You. The exhibition focuses on the [&hellip;]","og_url":"https:\/\/www.castellodirivoli.org\/en\/prodotto\/metamorphoses\/","og_site_name":"Castello di Rivoli","article_modified_time":"2022-04-20T12:08:22+00:00","og_image":[{"width":600,"height":360,"url":"https:\/\/www.castellodirivoli.org\/wp-content\/uploads\/2018\/03\/Metamorphoses_copertina-1_newsletter.jpg","type":"image\/jpeg"}],"twitter_card":"summary_large_image","twitter_misc":{"Est. reading time":"1 minute"},"schema":{"@context":"https:\/\/schema.org","@graph":[{"@type":"WebPage","@id":"https:\/\/www.castellodirivoli.org\/en\/prodotto\/metamorphoses\/","url":"https:\/\/www.castellodirivoli.org\/en\/prodotto\/metamorphoses\/","name":"METAMORPHOSES - Castello di Rivoli","isPartOf":{"@id":"https:\/\/www.castellodirivoli.org\/en\/#website"},"primaryImageOfPage":{"@id":"https:\/\/www.castellodirivoli.org\/en\/prodotto\/metamorphoses\/#primaryimage"},"image":{"@id":"https:\/\/www.castellodirivoli.org\/en\/prodotto\/metamorphoses\/#primaryimage"},"thumbnailUrl":"https:\/\/www.castellodirivoli.org\/wp-content\/uploads\/2018\/03\/Metamorphoses_copertina-1_newsletter.jpg","datePublished":"2018-03-02T11:23:25+00:00","dateModified":"2022-04-20T12:08:22+00:00","breadcrumb":{"@id":"https:\/\/www.castellodirivoli.org\/en\/prodotto\/metamorphoses\/#breadcrumb"},"inLanguage":"en-US","potentialAction":[{"@type":"ReadAction","target":["https:\/\/www.castellodirivoli.org\/en\/prodotto\/metamorphoses\/"]}]},{"@type":"ImageObject","inLanguage":"en-US","@id":"https:\/\/www.castellodirivoli.org\/en\/prodotto\/metamorphoses\/#primaryimage","url":"https:\/\/www.castellodirivoli.org\/wp-content\/uploads\/2018\/03\/Metamorphoses_copertina-1_newsletter.jpg","contentUrl":"https:\/\/www.castellodirivoli.org\/wp-content\/uploads\/2018\/03\/Metamorphoses_copertina-1_newsletter.jpg","width":600,"height":360},{"@type":"BreadcrumbList","@id":"https:\/\/www.castellodirivoli.org\/en\/prodotto\/metamorphoses\/#breadcrumb","itemListElement":[{"@type":"ListItem","position":1,"name":"Home","item":"https:\/\/www.castellodirivoli.org\/en\/"},{"@type":"ListItem","position":2,"name":"Shop","item":"https:\/\/www.castellodirivoli.org\/en\/shop\/"},{"@type":"ListItem","position":3,"name":"METAMORPHOSES"}]},{"@type":"WebSite","@id":"https:\/\/www.castellodirivoli.org\/en\/#website","url":"https:\/\/www.castellodirivoli.org\/en\/","name":"Castello di Rivoli","description":"","potentialAction":[{"@type":"SearchAction","target":{"@type":"EntryPoint","urlTemplate":"https:\/\/www.castellodirivoli.org\/en\/?s={search_term_string}"},"query-input":{"@type":"PropertyValueSpecification","valueRequired":true,"valueName":"search_term_string"}}],"inLanguage":"en-US"}]}},"_links":{"self":[{"href":"https:\/\/www.castellodirivoli.org\/en\/wp-json\/wp\/v2\/product\/104260","targetHints":{"allow":["GET"]}}],"collection":[{"href":"https:\/\/www.castellodirivoli.org\/en\/wp-json\/wp\/v2\/product"}],"about":[{"href":"https:\/\/www.castellodirivoli.org\/en\/wp-json\/wp\/v2\/types\/product"}],"wp:featuredmedia":[{"embeddable":true,"href":"https:\/\/www.castellodirivoli.org\/en\/wp-json\/wp\/v2\/media\/30909"}],"wp:attachment":[{"href":"https:\/\/www.castellodirivoli.org\/en\/wp-json\/wp\/v2\/media?parent=104260"}],"wp:term":[{"taxonomy":"product_brand","embeddable":true,"href":"https:\/\/www.castellodirivoli.org\/en\/wp-json\/wp\/v2\/product_brand?post=104260"},{"taxonomy":"product_cat","embeddable":true,"href":"https:\/\/www.castellodirivoli.org\/en\/wp-json\/wp\/v2\/product_cat?post=104260"},{"taxonomy":"product_tag","embeddable":true,"href":"https:\/\/www.castellodirivoli.org\/en\/wp-json\/wp\/v2\/product_tag?post=104260"}],"curies":[{"name":"wp","href":"https:\/\/api.w.org\/{rel}","templated":true}]}}